{"id":2263,"date":"2018-05-27T14:39:26","date_gmt":"2018-05-27T14:39:26","guid":{"rendered":"https:\/\/staging-0dca-veysvakfiorg.wpcomstaging.com\/bank-accounts\/"},"modified":"2019-03-06T12:59:33","modified_gmt":"2019-03-06T12:59:33","slug":"bank-accounts","status":"publish","type":"page","link":"https:\/\/veysvakfi.org\/en\/bank-accounts\/","title":{"rendered":"Bank Accounts"},"content":{"rendered":"<p>[vc_row][vc_column width=&#8221;1\/3&#8243;][vc_column_text]<strong><img decoding=\"async\" class=\"size-full wp-image-2254 aligncenter\" src=\"https:\/\/vesvakfi.net\/\/srv\/htdocs\/wp-content\/uploads\/2019\/03\/kuveyt-turk-2-300x62.png\" alt=\"\" width=\"269\" height=\"62\" \/><\/strong><\/p>\n<p style=\"text-align: left;\"><strong>Veysel Karani T\u00fcrk-Yemen Said Vakf\u0131<\/strong><br \/>\n<strong>M\u00fc\u015fteri numaras\u0131:<\/strong> 94823084<br \/>\n<strong>TL &#8211; TR :<\/strong> 020020500009482308400001<br \/>\n<strong>USD &#8211; TR :<\/strong> 180020500009482308400101<br \/>\n<strong>EUR &#8211; TR :<\/strong> 880020500009482308400102<br \/>\n<strong>\u015eiRiNEVLER \u015fubesi<\/strong><br \/>\n<strong>SWIFT<\/strong>: KTEFTRISXXX<\/p>\n<p>[\/vc_column_text][\/vc_column][vc_column width=&#8221;1\/3&#8243;][vc_column_text]<strong><img decoding=\"async\" class=\"size-full wp-image-2251 aligncenter\" src=\"https:\/\/vesvakfi.net\/\/srv\/htdocs\/wp-content\/uploads\/2019\/03\/Al_Baraka_Banking_Group_Logo.png\" alt=\"\" width=\"220\" height=\"68\" \/><\/strong><\/p>\n<p style=\"text-align: left;\"><strong>Veysel Karani T\u00fcrk-Yemen Said Vakf\u0131<\/strong><br \/>\n<strong>M\u00fc\u015fteri numaras\u0131. <\/strong>: 7740936<br \/>\n<strong>TL &#8211; TR:<\/strong> 790020300007740936000001<br \/>\n<strong>USD &#8211; TR:<\/strong> 520020300007740936000002<br \/>\n<strong>EUR &#8211; TR:<\/strong> 25002030000774093600003<br \/>\n<strong>Y\u0131ld\u0131ztepe Ba\u011fc\u0131lar \u015fubesi<\/strong><\/p>\n<p>[\/vc_column_text][\/vc_column][vc_column width=&#8221;1\/3&#8243;][vc_column_text]<img decoding=\"async\" class=\"size-full wp-image-2248 aligncenter\" src=\"https:\/\/vesvakfi.net\/\/srv\/htdocs\/wp-content\/uploads\/2019\/03\/vakifbank.logo_-1.png\" alt=\"\" width=\"230\" height=\"42\" \/><\/p>\n<p style=\"text-align: left;\"><strong>Veysel Karani T\u00fcrk-Yemen Said Vakf\u0131<br \/>\nHESAP NO : TL <\/strong>&#8211; 00158007305877312<br \/>\n<strong>TR<\/strong> 140001500158007305877312<br \/>\n<strong>HESAP NO : USD<\/strong> &#8211; 00158048016524134<br \/>\n<strong>TR<\/strong> 360001500158048016524134<br \/>\n<strong>HESAP<\/strong> NO : EUR &#8211; 00158048016524139<br \/>\n<strong>TR<\/strong> 950001500158048016524139<br \/>\n<strong>\u015eube kodu:0005 Taksim\/Istanbul \u015fubes<br \/>\nSWIFT<\/strong>: TVBATR2A<\/p>\n<p>[\/vc_column_text][\/vc_column][\/vc_row]<\/p>\n","protected":false},"excerpt":{"rendered":"<p>[vc_row][vc_column width=&#8221;1\/3&#8243;][vc_column_text] Veysel Karani T\u00fcrk-Yemen Said Vakf\u0131 M\u00fc\u015fteri numaras\u0131: 94823084 TL &#8211; TR : 020020500009482308400001 USD &#8211; TR : 180020500009482308400101 EUR &#8211; TR : 880020500009482308400102 \u015eiRiNEVLER \u015fubesi SWIFT: KTEFTRISXXX [\/vc_column_text][\/vc_column][vc_column width=&#8221;1\/3&#8243;][vc_column_text] Veysel Karani T\u00fcrk-Yemen Said Vakf\u0131 M\u00fc\u015fteri numaras\u0131. : 7740936 TL &#8211; TR: 790020300007740936000001 USD &#8211; TR: 520020300007740936000002 EUR &#8211; TR: 25002030000774093600003 Y\u0131ld\u0131ztepe Ba\u011fc\u0131lar \u015fubesi [&hellip;]<\/p>\n","protected":false},"author":4,"featured_media":0,"parent":0,"menu_order":0,"comment_status":"closed","ping_status":"closed","template":"","meta":{"_acf_changed":false,"site-sidebar-layout":"default","site-content-layout":"","ast-site-content-layout":"default","site-content-style":"default","site-sidebar-style":"default","ast-global-header-display":"","ast-banner-title-visibility":"","ast-main-header-display":"","ast-hfb-above-header-display":"","ast-hfb-below-header-display":"","ast-hfb-mobile-header-display":"","site-post-title":"","ast-breadcrumbs-content":"","ast-featured-img":"","footer-sml-layout":"","theme-transparent-header-meta":"","adv-header-id-meta":"","stick-header-meta":"","header-above-stick-meta":"","header-main-stick-meta":"","header-below-stick-meta":"","astra-migrate-meta-layouts":"default","ast-page-background-enabled":"default","ast-page-background-meta":{"desktop":{"background-color":"var(--ast-global-color-4)","background-image":"","background-repeat":"repeat","background-position":"center center","background-size":"auto","background-attachment":"scroll","background-type":"","background-media":"","overlay-type":"","overlay-color":"","overlay-opacity":"","overlay-gradient":""},"tablet":{"background-color":"","background-image":"","background-repeat":"repeat","background-position":"center center","background-size":"auto","background-attachment":"scroll","background-type":"","background-media":"","overlay-type":"","overlay-color":"","overlay-opacity":"","overlay-gradient":""},"mobile":{"background-color":"","background-image":"","background-repeat":"repeat","background-position":"center center","background-size":"auto","background-attachment":"scroll","background-type":"","background-media":"","overlay-type":"","overlay-color":"","overlay-opacity":"","overlay-gradient":""}},"ast-content-background-meta":{"desktop":{"background-color":"var(--ast-global-color-5)","background-image":"","background-repeat":"repeat","background-position":"center center","background-size":"auto","background-attachment":"scroll","background-type":"","background-media":"","overlay-type":"","overlay-color":"","overlay-opacity":"","overlay-gradient":""},"tablet":{"background-color":"var(--ast-global-color-5)","background-image":"","background-repeat":"repeat","background-position":"center center","background-size":"auto","background-attachment":"scroll","background-type":"","background-media":"","overlay-type":"","overlay-color":"","overlay-opacity":"","overlay-gradient":""},"mobile":{"background-color":"var(--ast-global-color-5)","background-image":"","background-repeat":"repeat","background-position":"center center","background-size":"auto","background-attachment":"scroll","background-type":"","background-media":"","overlay-type":"","overlay-color":"","overlay-opacity":"","overlay-gradient":""}},"ngg_post_thumbnail":0,"_joinchat":[],"footnotes":"","_links_to":"","_links_to_target":""},"class_list":["post-2263","page","type-page","status-publish","hentry"],"acf":[],"publishpress_future_action":{"enabled":false,"date":"2026-05-11 01:54:05","action":"change-status","newStatus":"draft","terms":[],"taxonomy":"translation_priority","extraData":[]},"publishpress_future_workflow_manual_trigger":{"enabledWorkflows":[]},"_links":{"self":[{"href":"https:\/\/veysvakfi.org\/en\/wp-json\/wp\/v2\/pages\/2263","targetHints":{"allow":["GET"]}}],"collection":[{"href":"https:\/\/veysvakfi.org\/en\/wp-json\/wp\/v2\/pages"}],"about":[{"href":"https:\/\/veysvakfi.org\/en\/wp-json\/wp\/v2\/types\/page"}],"author":[{"embeddable":true,"href":"https:\/\/veysvakfi.org\/en\/wp-json\/wp\/v2\/users\/4"}],"replies":[{"embeddable":true,"href":"https:\/\/veysvakfi.org\/en\/wp-json\/wp\/v2\/comments?post=2263"}],"version-history":[{"count":0,"href":"https:\/\/veysvakfi.org\/en\/wp-json\/wp\/v2\/pages\/2263\/revisions"}],"wp:attachment":[{"href":"https:\/\/veysvakfi.org\/en\/wp-json\/wp\/v2\/media?parent=2263"}],"curies":[{"name":"wp","href":"https:\/\/api.w.org\/{rel}","templated":true}]}}