{"id":15019,"date":"2023-06-21T06:37:35","date_gmt":"2023-06-21T06:37:35","guid":{"rendered":"https:\/\/vesvakfi.net\/?page_id=15019"},"modified":"2023-06-21T06:38:34","modified_gmt":"2023-06-21T06:38:34","slug":"gelecegin-liderlerini-yetistirme","status":"publish","type":"page","link":"https:\/\/veysvakfi.org\/tr\/gelecegin-liderlerini-yetistirme\/","title":{"rendered":"Gelece\u011fin\u00a0liderlerini yeti\u015ftirme"},"content":{"rendered":"\t\t<div data-elementor-type=\"wp-page\" data-elementor-id=\"15019\" class=\"elementor elementor-15019 elementor-12966\" data-elementor-post-type=\"page\">\n\t\t\t\t\t\t<section class=\"elementor-section elementor-top-section elementor-element elementor-element-30457e5 elementor-section-full_width elementor-section-height-min-height elementor-section-stretched elementor-section-height-default elementor-section-items-middle\" data-id=\"30457e5\" data-element_type=\"section\" data-e-type=\"section\" data-settings=\"{&quot;stretch_section&quot;:&quot;section-stretched&quot;,&quot;background_background&quot;:&quot;classic&quot;}\">\n\t\t\t\t\t\t\t<div class=\"elementor-background-overlay\"><\/div>\n\t\t\t\t\t\t\t<div class=\"elementor-container elementor-column-gap-default\">\n\t\t\t\t\t<div class=\"elementor-column elementor-col-100 elementor-top-column elementor-element elementor-element-6436e21\" data-id=\"6436e21\" data-element_type=\"column\" data-e-type=\"column\">\n\t\t\t<div class=\"elementor-widget-wrap elementor-element-populated\">\n\t\t\t\t\t\t<section class=\"elementor-section elementor-inner-section elementor-element elementor-element-fcb3cf5 elementor-section-boxed elementor-section-height-default elementor-section-height-default\" data-id=\"fcb3cf5\" data-element_type=\"section\" data-e-type=\"section\">\n\t\t\t\t\t\t<div class=\"elementor-container elementor-column-gap-default\">\n\t\t\t\t\t<div class=\"elementor-column elementor-col-100 elementor-inner-column elementor-element elementor-element-bc9b324\" data-id=\"bc9b324\" data-element_type=\"column\" data-e-type=\"column\">\n\t\t\t<div class=\"elementor-widget-wrap elementor-element-populated\">\n\t\t\t\t\t\t<div class=\"elementor-element elementor-element-8956d99 elementor-widget elementor-widget-heading\" data-id=\"8956d99\" data-element_type=\"widget\" data-e-type=\"widget\" data-widget_type=\"heading.default\">\n\t\t\t\t<div class=\"elementor-widget-container\">\n\t\t\t\t\t<h2 class=\"elementor-heading-title elementor-size-default\">Gelece\u011fin liderlerini yeti\u015ftirme<\/h2>\t\t\t\t<\/div>\n\t\t\t\t<\/div>\n\t\t\t\t\t<\/div>\n\t\t<\/div>\n\t\t\t\t\t<\/div>\n\t\t<\/section>\n\t\t\t\t\t<\/div>\n\t\t<\/div>\n\t\t\t\t\t<\/div>\n\t\t<\/section>\n\t\t\t\t<section class=\"elementor-section elementor-top-section elementor-element elementor-element-db2fdcb elementor-section-boxed elementor-section-height-default elementor-section-height-default\" data-id=\"db2fdcb\" data-element_type=\"section\" data-e-type=\"section\">\n\t\t\t\t\t\t<div class=\"elementor-container elementor-column-gap-default\">\n\t\t\t\t\t<div class=\"elementor-column elementor-col-100 elementor-top-column elementor-element elementor-element-9b6f9c9\" data-id=\"9b6f9c9\" data-element_type=\"column\" data-e-type=\"column\">\n\t\t\t<div class=\"elementor-widget-wrap elementor-element-populated\">\n\t\t\t\t\t\t<div class=\"elementor-element elementor-element-ce0af71 elementor-view-framed elementor-shape-circle elementor-widget elementor-widget-icon\" data-id=\"ce0af71\" data-element_type=\"widget\" data-e-type=\"widget\" data-widget_type=\"icon.default\">\n\t\t\t\t<div class=\"elementor-widget-container\">\n\t\t\t\t\t\t\t<div class=\"elementor-icon-wrapper\">\n\t\t\t<div class=\"elementor-icon\">\n\t\t\t<i aria-hidden=\"true\" class=\"fas fa-users\"><\/i>\t\t\t<\/div>\n\t\t<\/div>\n\t\t\t\t\t\t<\/div>\n\t\t\t\t<\/div>\n\t\t\t\t<div class=\"elementor-element elementor-element-64a5586 premium-header-inline premium-lq__none premium-box-lq__none elementor-invisible elementor-widget elementor-widget-premium-addon-dual-header\" data-id=\"64a5586\" data-element_type=\"widget\" data-e-type=\"widget\" data-settings=\"{&quot;_animation&quot;:&quot;fadeInUp&quot;}\" data-widget_type=\"premium-addon-dual-header.default\">\n\t\t\t\t\t\n\t\t<div class=\"elementor-widget-container\">\n\t\t\t\t\t<h2 class=\"premium-dual-header-first-header \"><span class=\"premium-dual-header-first-span\">Gelece\u011fin liderlerini  <\/span><span class=\"premium-dual-header-second-header \">yeti\u015ftirme<\/span><\/h2> \t\t\t\t<\/div>\n\n\t\t\t\t\t\t<\/div>\n\t\t\t\t<div class=\"elementor-element elementor-element-243b931 elementor-widget elementor-widget-text-editor\" data-id=\"243b931\" data-element_type=\"widget\" data-e-type=\"widget\" data-widget_type=\"text-editor.default\">\n\t\t\t\t<div class=\"elementor-widget-container\">\n\t\t\t\t\t\t\t\t\t<div class=\"post-intro cause-intro\"><div class=\"row\"><div class=\"col-md-12 text-center\"><div class=\"col-md-12\"><div class=\"row\"><div class=\"col-md-12 text-center\"><div class=\"col-md-12\"><div class=\"row\"><div class=\"col-md-12 text-center\"><div class=\"col-md-12\"><p>Ba\u015far\u0131l\u0131, yarat\u0131c\u0131, umut vadeden \u00f6\u011frencilerle ilgilenip onlar\u0131 gelece\u011fin liderleri olarak yeti\u015ftirme<\/p><\/div><\/div><\/div><div id=\"solutions-image-gallery\" class=\"row\"><div class=\"col-md-12\"><div class=\"row pro-break\"><div class=\"col-md-12\">\u00a0<\/div><\/div><\/div><\/div><\/div><\/div><\/div><\/div><\/div><\/div><\/div>\t\t\t\t\t\t\t\t<\/div>\n\t\t\t\t<\/div>\n\t\t\t\t<section class=\"elementor-section elementor-inner-section elementor-element elementor-element-d642e72 elementor-section-boxed elementor-section-height-default elementor-section-height-default\" data-id=\"d642e72\" data-element_type=\"section\" data-e-type=\"section\">\n\t\t\t\t\t\t<div class=\"elementor-container elementor-column-gap-default\">\n\t\t\t\t\t<div class=\"elementor-column elementor-col-100 elementor-inner-column elementor-element elementor-element-b07d3a8\" data-id=\"b07d3a8\" data-element_type=\"column\" data-e-type=\"column\">\n\t\t\t<div class=\"elementor-widget-wrap elementor-element-populated\">\n\t\t\t\t\t\t<div class=\"elementor-element elementor-element-1c2f54f premium-blog-align-right elementor-widget elementor-widget-premium-addon-blog\" data-id=\"1c2f54f\" data-element_type=\"widget\" data-e-type=\"widget\" data-settings=\"{&quot;force_height&quot;:&quot;true&quot;,&quot;premium_blog_grid&quot;:&quot;yes&quot;,&quot;premium_blog_layout&quot;:&quot;even&quot;,&quot;premium_blog_columns_number&quot;:&quot;50%&quot;,&quot;premium_blog_columns_number_tablet&quot;:&quot;50%&quot;,&quot;premium_blog_columns_number_mobile&quot;:&quot;100%&quot;,&quot;scroll_to_offset&quot;:&quot;yes&quot;}\" data-widget_type=\"premium-addon-blog.default\">\n\t\t\t\t<div class=\"elementor-widget-container\">\n\t\t\t\t\t\n\t\t\n\n\t\t\t\t<div class=\"premium-blog-wrap  premium-blog-even\" data-page=\"15019\">\n\t\t\t\t\t\t\t\t\t<div class=\"premium-blog-post-outer-container\" data-total=\"1\">\n\t\t\t<div class=\"premium-blog-post-container premium-blog-skin-modern\">\n\t\t\t\t\t\t\t\t\t<div class=\"premium-blog-thumb-effect-wrapper\">\n\t\t\t\t\t\t<div class=\"premium-blog-thumbnail-container premium-blog-zoomin-effect\">\n\t\t\t\t\t\t\t\t\t\t\t<a href=\"https:\/\/veysvakfi.org\/tr\/program\/yemenli-onculer-programi\/\" target=\"_blank\">\n\t\t\t\t<img decoding=\"async\" src=\"https:\/\/veysvakfi.org\/wp-content\/uploads\/2018\/07\/\u0634\u0639\u0627\u0631-\u0628\u0631\u0646\u0627\u0645\u062c-\u0631\u0648\u0627\u062f-\u0627\u0644\u064a\u0645\u0646.png\" title=\"\u0634\u0639\u0627\u0631 \u0628\u0631\u0646\u0627\u0645\u062c \u0631\u0648\u0627\u062f \u0627\u0644\u064a\u0645\u0646\" alt=\"\u0634\u0639\u0627\u0631 \u0628\u0631\u0646\u0627\u0645\u062c \u0631\u0648\u0627\u062f \u0627\u0644\u064a\u0645\u0646\" loading=\"lazy\" \/>\t\t\t\t<\/a>\n\t\t\t\t\t\t\t\t\t\t<\/div>\n\t\t\t\t\t\t\t\t\t\t\t\t\t<div class=\"premium-blog-effect-container premium-blog-framed-effect\">\n\t\t\t\t\t\t\t\t<a class=\"premium-blog-post-link\" href=\"https:\/\/veysvakfi.org\/tr\/program\/yemenli-onculer-programi\/\" target=\"_blank\"><span>Yemenli \u00d6nc\u00fcler Program\u0131<\/span><\/a>\n\t\t\t\t\t\t\t\t\t\t\t\t\t\t\t<\/div>\n\t\t\t\t\t\t\t\t\t\t\t<\/div>\n\t\t\t\t\t\t\t\t\t\t\t\t<div class=\"premium-blog-content-wrapper \">\n\n\t\t\t\t\t<div class=\"premium-blog-inner-container\">\n\n\t\t\t\t\t\t\t\t\t\t\t\t\t\t<h2 class=\"premium-blog-entry-title\">\n\t\t\t<a href=\"https:\/\/veysvakfi.org\/tr\/program\/yemenli-onculer-programi\/\" target=\"_blank\">\n\t\t\t\tYemenli \u00d6nc\u00fcler Program\u0131\t\t\t<\/a>\n\t\t<\/h2>\n\t\t\t\t<div class=\"premium-blog-entry-meta\">\n\t\t\t\n\t\t\t\t\t\t\t<span class=\"premium-blog-meta-separator\">\u2022<\/span>\n\t\t\t\t<div class=\"premium-blog-post-time premium-blog-meta-data\">\n\t\t\t\t\t<i class=\"fa fa-calendar-alt\" aria-hidden=\"true\"><\/i>\n\t\t\t\t\t<span>Ekim 25, 2018<\/span>\n\t\t\t\t<\/div>\n\t\t\t\n\t\t\t\n\t\t\t\t\t<\/div>\n\t\t\n\t\t\t\t\t<\/div>\n\n\t\t\t\t\t\t\t<div class=\"premium-blog-content-inner-wrapper\">\n\t\t<p class=\"premium-blog-post-content\">Yemenli \u00d6nc\u00fcler Program\u0131 Gelecekte toplumun liderleri olacak i\u015fadamlar\u0131 ve ulusal liderler olmak i\u00e7in yetenekli Yemen liderlerinden olu\u015fan bir kadro olu\u015fturacak lisans ve \u2026<\/p>\t\t<\/div>\n\t\t\t\t\t\t\t\n\t\t\t\t<\/div>\n\t\t\t<\/div>\n\t\t<\/div>\n\n\t\t\t\t\t\t\t<\/div>\n\n\t\t\n\t\t\n\t\t\t\t\t\t<\/div>\n\t\t\t\t<\/div>\n\t\t\t\t\t<\/div>\n\t\t<\/div>\n\t\t\t\t\t<\/div>\n\t\t<\/section>\n\t\t\t\t\t<\/div>\n\t\t<\/div>\n\t\t\t\t\t<\/div>\n\t\t<\/section>\n\t\t\t\t<\/div>\n\t\t","protected":false},"excerpt":{"rendered":"<p>Gelece\u011fin liderlerini yeti\u015ftirme Gelece\u011fin liderlerini yeti\u015ftirme Ba\u015far\u0131l\u0131, yarat\u0131c\u0131, umut vadeden \u00f6\u011frencilerle ilgilenip onlar\u0131 gelece\u011fin liderleri olarak yeti\u015ftirme \u00a0 Yemenli \u00d6nc\u00fcler Program\u0131 Yemenli \u00d6nc\u00fcler Program\u0131 \u2022 Ekim 25, 2018 Yemenli \u00d6nc\u00fcler Program\u0131 Gelecekte toplumun liderleri olacak i\u015fadamlar\u0131 ve ulusal liderler olmak i\u00e7in yetenekli Yemen liderlerinden olu\u015fan bir kadro olu\u015fturacak lisans ve \u2026<\/p>\n","protected":false},"author":21694,"featured_media":0,"parent":0,"menu_order":0,"comment_status":"closed","ping_status":"closed","template":"","meta":{"_acf_changed":false,"site-sidebar-layout":"no-sidebar","site-content-layout":"page-builder","ast-site-content-layout":"default","site-content-style":"default","site-sidebar-style":"default","ast-global-header-display":"","ast-banner-title-visibility":"","ast-main-header-display":"","ast-hfb-above-header-display":"","ast-hfb-below-header-display":"","ast-hfb-mobile-header-display":"","site-post-title":"disabled","ast-breadcrumbs-content":"","ast-featured-img":"disabled","footer-sml-layout":"","theme-transparent-header-meta":"default","adv-header-id-meta":"","stick-header-meta":"","header-above-stick-meta":"","header-main-stick-meta":"","header-below-stick-meta":"","astra-migrate-meta-layouts":"default","ast-page-background-enabled":"default","ast-page-background-meta":{"desktop":{"background-color":"var(--ast-global-color-4)","background-image":"","background-repeat":"repeat","background-position":"center center","background-size":"auto","background-attachment":"scroll","background-type":"","background-media":"","overlay-type":"","overlay-color":"","overlay-opacity":"","overlay-gradient":""},"tablet":{"background-color":"","background-image":"","background-repeat":"repeat","background-position":"center center","background-size":"auto","background-attachment":"scroll","background-type":"","background-media":"","overlay-type":"","overlay-color":"","overlay-opacity":"","overlay-gradient":""},"mobile":{"background-color":"","background-image":"","background-repeat":"repeat","background-position":"center center","background-size":"auto","background-attachment":"scroll","background-type":"","background-media":"","overlay-type":"","overlay-color":"","overlay-opacity":"","overlay-gradient":""}},"ast-content-background-meta":{"desktop":{"background-color":"var(--ast-global-color-5)","background-image":"","background-repeat":"repeat","background-position":"center center","background-size":"auto","background-attachment":"scroll","background-type":"","background-media":"","overlay-type":"","overlay-color":"","overlay-opacity":"","overlay-gradient":""},"tablet":{"background-color":"var(--ast-global-color-5)","background-image":"","background-repeat":"repeat","background-position":"center center","background-size":"auto","background-attachment":"scroll","background-type":"","background-media":"","overlay-type":"","overlay-color":"","overlay-opacity":"","overlay-gradient":""},"mobile":{"background-color":"var(--ast-global-color-5)","background-image":"","background-repeat":"repeat","background-position":"center center","background-size":"auto","background-attachment":"scroll","background-type":"","background-media":"","overlay-type":"","overlay-color":"","overlay-opacity":"","overlay-gradient":""}},"ngg_post_thumbnail":0,"_joinchat":[],"footnotes":"","_links_to":"","_links_to_target":""},"class_list":["post-15019","page","type-page","status-publish","hentry"],"acf":[],"publishpress_future_action":{"enabled":false,"date":"2026-04-10 22:28:56","action":"change-status","newStatus":"draft","terms":[],"taxonomy":"translation_priority","extraData":[]},"publishpress_future_workflow_manual_trigger":{"enabledWorkflows":[]},"_links":{"self":[{"href":"https:\/\/veysvakfi.org\/tr\/wp-json\/wp\/v2\/pages\/15019","targetHints":{"allow":["GET"]}}],"collection":[{"href":"https:\/\/veysvakfi.org\/tr\/wp-json\/wp\/v2\/pages"}],"about":[{"href":"https:\/\/veysvakfi.org\/tr\/wp-json\/wp\/v2\/types\/page"}],"author":[{"embeddable":true,"href":"https:\/\/veysvakfi.org\/tr\/wp-json\/wp\/v2\/users\/21694"}],"replies":[{"embeddable":true,"href":"https:\/\/veysvakfi.org\/tr\/wp-json\/wp\/v2\/comments?post=15019"}],"version-history":[{"count":0,"href":"https:\/\/veysvakfi.org\/tr\/wp-json\/wp\/v2\/pages\/15019\/revisions"}],"wp:attachment":[{"href":"https:\/\/veysvakfi.org\/tr\/wp-json\/wp\/v2\/media?parent=15019"}],"curies":[{"name":"wp","href":"https:\/\/api.w.org\/{rel}","templated":true}]}}