{"id":16889,"date":"2023-06-14T12:32:55","date_gmt":"2023-06-14T12:32:55","guid":{"rendered":"https:\/\/veysvakfi.org\/product\/altin-bagis-cuzdani\/"},"modified":"2025-07-16T18:38:18","modified_gmt":"2025-07-16T18:38:18","slug":"altin-bagis-cuzdani","status":"publish","type":"product","link":"https:\/\/veysvakfi.org\/tr\/product\/altin-bagis-cuzdani\/","title":{"rendered":"Alt\u0131n ba\u011f\u0131\u015f c\u00fczdan\u0131"},"content":{"rendered":"<div class=\"w-full text-token-text-primary border-b border-black\/10 gizmo:border-0 dark:border-gray-900\/50 gizmo:dark:border-0 bg-gray-50 gizmo:bg-transparent dark:bg-[#444654] gizmo:dark:bg-transparent\" data-testid=\"conversation-turn-33\">\n<div class=\"p-4 gizmo:py-2 justify-center text-base md:gap-6 md:py-6 m-auto\">\n<div class=\"flex flex-1 gap-4 text-base mx-auto md:gap-6 gizmo:gap-3 gizmo:md:px-5 gizmo:lg:px-1 gizmo:xl:px-5 md:max-w-2xl lg:max-w-[38rem] gizmo:md:max-w-3xl gizmo:lg:max-w-[40rem] gizmo:xl:max-w-[48rem] xl:max-w-3xl } group\">\n<div class=\"relative flex w-[calc(100%-50px)] flex-col gizmo:w-full lg:w-[calc(100%-115px)] agent-turn\">\n<div class=\"flex-col gap-1 md:gap-3\">\n<div class=\"flex flex-grow flex-col max-w-full gap-3 gizmo:gap-0\">\n<div class=\"min-h-[20px] text-message flex flex-col items-start gap-3 whitespace-pre-wrap break-words [.text-message+&amp;]:mt-5 overflow-x-auto\" data-message-author-role=\"assistant\" data-message-id=\"020bfd7d-b0fa-4431-bcf3-4984014e21ab\">\n<div class=\"markdown prose w-full break-words dark:prose-invert light\">\n<p>\u0130slam hukukunun kurallar\u0131na g\u00f6re alt\u0131n al\u0131m\u0131 ve ticaretini i\u00e7eren vak\u0131fiyat portf\u00f6y\u00fcd\u00fcr. Alt\u0131n, de\u011ferli metaller aras\u0131nda yer ald\u0131\u011f\u0131 ve yat\u0131r\u0131m i\u00e7in g\u00fcvenli bir s\u0131\u011f\u0131nak oldu\u011fu i\u00e7in \u0130slami yat\u0131r\u0131m prensipleri do\u011frultusunda i\u015flem g\u00f6r\u00fcr. Portf\u00f6y, \u0130stanbul&#8217;da alt\u0131n ticareti yapmak \u00fczere a\u00e7\u0131lan \u00f6zel bir ma\u011fazan\u0131n faaliyetleri arac\u0131l\u0131\u011f\u0131yla gelir elde eder ve bu gelir, Oweis al-Qarni Vakf\u0131&#8217;n\u0131n vizyonu do\u011frultusunda Yemen&#8217;deki s\u00fcrd\u00fcr\u00fclebilir kalk\u0131nma hedeflerini ger\u00e7ekle\u015ftirmeye katk\u0131da bulunur.<\/p>\n<\/div>\n<\/div>\n<\/div>\n<\/div>\n<\/div>\n<\/div>\n<\/div>\n<\/div>\n<div class=\"w-full text-token-text-primary border-b border-black\/10 gizmo:border-0 dark:border-gray-900\/50 gizmo:dark:border-0 gizmo:bg-transparent dark:bg-gray-800 gizmo:dark:bg-transparent\" data-testid=\"conversation-turn-34\">\n<div class=\"p-4 gizmo:py-2 justify-center text-base md:gap-6 md:py-6 m-auto\">\n<div class=\"flex flex-1 gap-4 text-base mx-auto md:gap-6 gizmo:gap-3 gizmo:md:px-5 gizmo:lg:px-1 gizmo:xl:px-5 md:max-w-2xl lg:max-w-[38rem] gizmo:md:max-w-3xl gizmo:lg:max-w-[40rem] gizmo:xl:max-w-[48rem] xl:max-w-3xl } group\">\n<div class=\"flex-shrink-0 flex flex-col relative items-end\">\n<div>\n<div class=\"pt-0.5\">\n<div class=\"gizmo-shadow-stroke flex h-6 w-6 items-center justify-center overflow-hidden rounded-full\"><\/div>\n<\/div>\n<\/div>\n<\/div>\n<\/div>\n<\/div>\n<\/div>\n","protected":false},"excerpt":{"rendered":"<div class=\"w-full text-token-text-primary border-b border-black\/10 gizmo:border-0 dark:border-gray-900\/50 gizmo:dark:border-0 bg-gray-50 gizmo:bg-transparent dark:bg-[#444654] gizmo:dark:bg-transparent\" data-testid=\"conversation-turn-33\">\n<div class=\"p-4 gizmo:py-2 justify-center text-base md:gap-6 md:py-6 m-auto\">\n<div class=\"flex flex-1 gap-4 text-base mx-auto md:gap-6 gizmo:gap-3 gizmo:md:px-5 gizmo:lg:px-1 gizmo:xl:px-5 md:max-w-2xl lg:max-w-[38rem] gizmo:md:max-w-3xl gizmo:lg:max-w-[40rem] gizmo:xl:max-w-[48rem] xl:max-w-3xl } group\">\n<div class=\"relative flex w-[calc(100%-50px)] flex-col gizmo:w-full lg:w-[calc(100%-115px)] agent-turn\">\n<div class=\"flex-col gap-1 md:gap-3\">\n<div class=\"flex flex-grow flex-col max-w-full gap-3 gizmo:gap-0\">\n<div class=\"min-h-[20px] text-message flex flex-col items-start gap-3 whitespace-pre-wrap break-words [.text-message+&amp;]:mt-5 overflow-x-auto\" data-message-author-role=\"assistant\" data-message-id=\"020bfd7d-b0fa-4431-bcf3-4984014e21ab\">\n<div class=\"markdown prose w-full break-words dark:prose-invert light\">\n<p>\u0130slam hukukunun kurallar\u0131na g\u00f6re alt\u0131n al\u0131m\u0131 ve ticaretini i\u00e7eren vak\u0131fiyat portf\u00f6y\u00fcd\u00fcr. Alt\u0131n, de\u011ferli metaller aras\u0131nda yer ald\u0131\u011f\u0131 ve yat\u0131r\u0131m i\u00e7in g\u00fcvenli bir s\u0131\u011f\u0131nak oldu\u011fu i\u00e7in \u0130slami yat\u0131r\u0131m prensipleri do\u011frultusunda i\u015flem g\u00f6r\u00fcr. Portf\u00f6y, \u0130stanbul&#8217;da alt\u0131n ticareti yapmak \u00fczere a\u00e7\u0131lan \u00f6zel bir ma\u011fazan\u0131n faaliyetleri arac\u0131l\u0131\u011f\u0131yla gelir elde eder ve bu gelir, Oweis al-Qarni Vakf\u0131&#8217;n\u0131n vizyonu do\u011frultusunda Yemen&#8217;deki s\u00fcrd\u00fcr\u00fclebilir kalk\u0131nma hedeflerini ger\u00e7ekle\u015ftirmeye katk\u0131da bulunur.<\/p>\n<\/div>\n<\/div>\n<\/div>\n<\/div>\n<\/div>\n<\/div>\n<\/div>\n<\/div>\n","protected":false},"featured_media":17001,"template":"","meta":{"_acf_changed":false,"site-sidebar-layout":"default","site-content-layout":"default","ast-site-content-layout":"default","site-content-style":"default","site-sidebar-style":"default","ast-global-header-display":"","ast-banner-title-visibility":"","ast-main-header-display":"","ast-hfb-above-header-display":"","ast-hfb-below-header-display":"","ast-hfb-mobile-header-display":"","site-post-title":"","ast-breadcrumbs-content":"","ast-featured-img":"","footer-sml-layout":"","theme-transparent-header-meta":"default","adv-header-id-meta":"","stick-header-meta":"","header-above-stick-meta":"","header-main-stick-meta":"","header-below-stick-meta":"","astra-migrate-meta-layouts":"default","ast-page-background-enabled":"default","ast-page-background-meta":{"desktop":{"background-color":"var(--ast-global-color-4)","background-image":"","background-repeat":"repeat","background-position":"center center","background-size":"auto","background-attachment":"scroll","background-type":"","background-media":"","overlay-type":"","overlay-color":"","overlay-opacity":"","overlay-gradient":""},"tablet":{"background-color":"","background-image":"","background-repeat":"repeat","background-position":"center center","background-size":"auto","background-attachment":"scroll","background-type":"","background-media":"","overlay-type":"","overlay-color":"","overlay-opacity":"","overlay-gradient":""},"mobile":{"background-color":"","background-image":"","background-repeat":"repeat","background-position":"center center","background-size":"auto","background-attachment":"scroll","background-type":"","background-media":"","overlay-type":"","overlay-color":"","overlay-opacity":"","overlay-gradient":""}},"ast-content-background-meta":{"desktop":{"background-color":"var(--ast-global-color-5)","background-image":"","background-repeat":"repeat","background-position":"center center","background-size":"auto","background-attachment":"scroll","background-type":"","background-media":"","overlay-type":"","overlay-color":"","overlay-opacity":"","overlay-gradient":""},"tablet":{"background-color":"var(--ast-global-color-5)","background-image":"","background-repeat":"repeat","background-position":"center center","background-size":"auto","background-attachment":"scroll","background-type":"","background-media":"","overlay-type":"","overlay-color":"","overlay-opacity":"","overlay-gradient":""},"mobile":{"background-color":"var(--ast-global-color-5)","background-image":"","background-repeat":"repeat","background-position":"center center","background-size":"auto","background-attachment":"scroll","background-type":"","background-media":"","overlay-type":"","overlay-color":"","overlay-opacity":"","overlay-gradient":""}},"ngg_post_thumbnail":0,"_joinchat":[],"_links_to":"","_links_to_target":""},"product_brand":[],"product_cat":[],"product_tag":[],"class_list":{"0":"post-16889","1":"product","2":"type-product","3":"status-publish","4":"has-post-thumbnail","6":"desktop-align-left","7":"tablet-align-left","8":"mobile-align-left","10":"first","11":"instock","12":"shipping-taxable","13":"purchasable","14":"product-type-simple"},"acf":[],"publishpress_future_workflow_manual_trigger":{"enabledWorkflows":[]},"_links":{"self":[{"href":"https:\/\/veysvakfi.org\/tr\/wp-json\/wp\/v2\/product\/16889","targetHints":{"allow":["GET"]}}],"collection":[{"href":"https:\/\/veysvakfi.org\/tr\/wp-json\/wp\/v2\/product"}],"about":[{"href":"https:\/\/veysvakfi.org\/tr\/wp-json\/wp\/v2\/types\/product"}],"wp:featuredmedia":[{"embeddable":true,"href":"https:\/\/veysvakfi.org\/tr\/wp-json\/wp\/v2\/media\/17001"}],"wp:attachment":[{"href":"https:\/\/veysvakfi.org\/tr\/wp-json\/wp\/v2\/media?parent=16889"}],"wp:term":[{"taxonomy":"product_brand","embeddable":true,"href":"https:\/\/veysvakfi.org\/tr\/wp-json\/wp\/v2\/product_brand?post=16889"},{"taxonomy":"product_cat","embeddable":true,"href":"https:\/\/veysvakfi.org\/tr\/wp-json\/wp\/v2\/product_cat?post=16889"},{"taxonomy":"product_tag","embeddable":true,"href":"https:\/\/veysvakfi.org\/tr\/wp-json\/wp\/v2\/product_tag?post=16889"}],"curies":[{"name":"wp","href":"https:\/\/api.w.org\/{rel}","templated":true}]}}