{"id":16894,"date":"2023-05-26T09:21:54","date_gmt":"2023-05-26T09:21:54","guid":{"rendered":"https:\/\/veysvakfi.org\/product\/mubarek-agac-projesi\/"},"modified":"2025-07-17T08:10:29","modified_gmt":"2025-07-17T08:10:29","slug":"mubarek-agac-projesi","status":"publish","type":"product","link":"https:\/\/veysvakfi.org\/tr\/product\/mubarek-agac-projesi\/","title":{"rendered":"M\u00fcbarek A\u011fa\u00e7 Projesi"},"content":{"rendered":"<p>M\u00fcbarek A\u011fa\u00e7 Projesi, zeytin tar\u0131m\u0131na yat\u0131r\u0131m yaparak ger\u00e7ekle\u015ftirilen bir yat\u0131r\u0131m ve vak\u0131fi projedir. Proje, meyve veren zeytin a\u011fa\u00e7lar\u0131na yat\u0131r\u0131m yaparak s\u00fcrd\u00fcr\u00fclmekte olup, bu a\u011fa\u00e7lar\u0131n ya\u015flar\u0131n\u0131n en az on y\u0131l olmas\u0131n\u0131 \u015fart ko\u015fmaktad\u0131r. Projenin geliri, Yemen&#8217;in yetenekli ve ba\u015far\u0131l\u0131 gen\u00e7lerine nitelikli e\u011fitim sunmak amac\u0131yla Oweis Al-Qarni Program\u0131&#8217;na geri d\u00f6nmekte ve onlar\u0131 gelece\u011fin liderleri olarak yeti\u015ftirmektedir. Bu sayede s\u00fcrd\u00fcr\u00fclebilir bir vak\u0131fi yat\u0131r\u0131m kayna\u011f\u0131 olup, ba\u011f\u0131\u015f\u00e7\u0131lara s\u00fcrekli bir hay\u0131r olarak katk\u0131da bulunmaktad\u0131r.<\/p>\n<p>Projenin getirisi nereye harcan\u0131r? M\u00fcbarek A\u011fa\u00e7 Projesi&#8217;nin vak\u0131fi getirisi, Yemen&#8217;deki \u00e7e\u015fitli vak\u0131f alanlar\u0131na harcanmaktad\u0131r, bunlardan biri de Oweis Al-Qarni Program\u0131 arac\u0131l\u0131\u011f\u0131yla Yemen&#8217;deki nitelikli e\u011fitime destektir. Bu, Yemen&#8217;in k\u00fclt\u00fcrel ve ekonomik kalk\u0131nmas\u0131na katk\u0131da bulunmaktad\u0131r.<\/p>\n<p>Oweis Al-Qarni Program\u0131 Oweis Al-Qarni Program\u0131, gen\u00e7lerle ilgilenen kapsaml\u0131 bir programd\u0131r ve gen\u00e7lerin bilim ve ola\u011fan\u00fcst\u00fc \u00e7al\u0131\u015fmalar\u0131n\u0131 merkeze koymaktad\u0131r. Program\u0131n geli\u015fimsel getirisi, gen\u00e7lerin toplum kalk\u0131nmas\u0131na katk\u0131lar\u0131n\u0131 art\u0131rmak i\u00e7in onlara \u00fcniversite e\u011fitimlerine devam etme imkan\u0131 sa\u011flayarak elde edilecektir. Bu, gen\u00e7lerin Yemen&#8217;in farkl\u0131 vilayetlerine ait olduklar\u0131 b\u00f6lgelerde, Yemen&#8217;in gelece\u011finde gerekli olan alanlarda y\u00fcksek lisans ve doktora seviyelerinde e\u011fitim almalar\u0131n\u0131 ama\u00e7lamaktad\u0131r.<\/p>\n<p>Program, net bir y\u00f6nteme dayanmaktad\u0131r ve T\u00fcrk \u00fcniversitelerinde kapsaml\u0131 burslar sa\u011flama amac\u0131n\u0131 ta\u015f\u0131maktad\u0131r. Program, liderlik, beceri ve liderlik geli\u015ftirme program\u0131 i\u00e7eren b\u00fct\u00fcnl\u00fckl\u00fc bir yap\u0131ya sahiptir. Program, akademik e\u011fitim, nitelik ve beceri geli\u015ftirme, liderlik ve pratik uygulamay\u0131 birle\u015ftirerek kat\u0131l\u0131mc\u0131lar\u0131n deneyim ve yeteneklerini art\u0131rmak i\u00e7in yarat\u0131c\u0131 bir y\u00f6ntem sunmaktad\u0131r.<\/p>\n","protected":false},"excerpt":{"rendered":"<p>M\u00fcbarek A\u011fa\u00e7 Projesi, zeytin tar\u0131m\u0131na yat\u0131r\u0131m yaparak ger\u00e7ekle\u015ftirilen bir yat\u0131r\u0131m ve vak\u0131fi projedir. Proje, meyve veren zeytin a\u011fa\u00e7lar\u0131na yat\u0131r\u0131m yaparak s\u00fcrd\u00fcr\u00fclmekte olup, bu a\u011fa\u00e7lar\u0131n ya\u015flar\u0131n\u0131n en az on y\u0131l olmas\u0131n\u0131 \u015fart ko\u015fmaktad\u0131r. Projenin geliri, Yemen&#8217;in yetenekli ve ba\u015far\u0131l\u0131 gen\u00e7lerine nitelikli e\u011fitim sunmak amac\u0131yla Oweis Al-Qarni Program\u0131&#8217;na geri d\u00f6nmekte ve onlar\u0131 gelece\u011fin liderleri olarak yeti\u015ftirmektedir. Bu sayede s\u00fcrd\u00fcr\u00fclebilir bir vak\u0131fi yat\u0131r\u0131m kayna\u011f\u0131 olup, ba\u011f\u0131\u015f\u00e7\u0131lara s\u00fcrekli bir hay\u0131r olarak katk\u0131da bulunmaktad\u0131r.<\/p>\n","protected":false},"featured_media":16972,"template":"","meta":{"_acf_changed":false,"site-sidebar-layout":"default","site-content-layout":"default","ast-site-content-layout":"default","site-content-style":"default","site-sidebar-style":"default","ast-global-header-display":"","ast-banner-title-visibility":"","ast-main-header-display":"","ast-hfb-above-header-display":"","ast-hfb-below-header-display":"","ast-hfb-mobile-header-display":"","site-post-title":"","ast-breadcrumbs-content":"","ast-featured-img":"","footer-sml-layout":"","theme-transparent-header-meta":"default","adv-header-id-meta":"","stick-header-meta":"","header-above-stick-meta":"","header-main-stick-meta":"","header-below-stick-meta":"","astra-migrate-meta-layouts":"default","ast-page-background-enabled":"default","ast-page-background-meta":{"desktop":{"background-color":"var(--ast-global-color-4)","background-image":"","background-repeat":"repeat","background-position":"center center","background-size":"auto","background-attachment":"scroll","background-type":"","background-media":"","overlay-type":"","overlay-color":"","overlay-opacity":"","overlay-gradient":""},"tablet":{"background-color":"","background-image":"","background-repeat":"repeat","background-position":"center center","background-size":"auto","background-attachment":"scroll","background-type":"","background-media":"","overlay-type":"","overlay-color":"","overlay-opacity":"","overlay-gradient":""},"mobile":{"background-color":"","background-image":"","background-repeat":"repeat","background-position":"center center","background-size":"auto","background-attachment":"scroll","background-type":"","background-media":"","overlay-type":"","overlay-color":"","overlay-opacity":"","overlay-gradient":""}},"ast-content-background-meta":{"desktop":{"background-color":"var(--ast-global-color-5)","background-image":"","background-repeat":"repeat","background-position":"center center","background-size":"auto","background-attachment":"scroll","background-type":"","background-media":"","overlay-type":"","overlay-color":"","overlay-opacity":"","overlay-gradient":""},"tablet":{"background-color":"var(--ast-global-color-5)","background-image":"","background-repeat":"repeat","background-position":"center center","background-size":"auto","background-attachment":"scroll","background-type":"","background-media":"","overlay-type":"","overlay-color":"","overlay-opacity":"","overlay-gradient":""},"mobile":{"background-color":"var(--ast-global-color-5)","background-image":"","background-repeat":"repeat","background-position":"center center","background-size":"auto","background-attachment":"scroll","background-type":"","background-media":"","overlay-type":"","overlay-color":"","overlay-opacity":"","overlay-gradient":""}},"ngg_post_thumbnail":0,"_joinchat":[],"_links_to":"","_links_to_target":""},"product_brand":[],"product_cat":[],"product_tag":[],"class_list":{"0":"post-16894","1":"product","2":"type-product","3":"status-publish","4":"has-post-thumbnail","6":"desktop-align-left","7":"tablet-align-left","8":"mobile-align-left","10":"first","11":"instock","12":"featured","13":"virtual","14":"purchasable","15":"product-type-simple"},"acf":[],"publishpress_future_workflow_manual_trigger":{"enabledWorkflows":[]},"_links":{"self":[{"href":"https:\/\/veysvakfi.org\/tr\/wp-json\/wp\/v2\/product\/16894","targetHints":{"allow":["GET"]}}],"collection":[{"href":"https:\/\/veysvakfi.org\/tr\/wp-json\/wp\/v2\/product"}],"about":[{"href":"https:\/\/veysvakfi.org\/tr\/wp-json\/wp\/v2\/types\/product"}],"wp:featuredmedia":[{"embeddable":true,"href":"https:\/\/veysvakfi.org\/tr\/wp-json\/wp\/v2\/media\/16972"}],"wp:attachment":[{"href":"https:\/\/veysvakfi.org\/tr\/wp-json\/wp\/v2\/media?parent=16894"}],"wp:term":[{"taxonomy":"product_brand","embeddable":true,"href":"https:\/\/veysvakfi.org\/tr\/wp-json\/wp\/v2\/product_brand?post=16894"},{"taxonomy":"product_cat","embeddable":true,"href":"https:\/\/veysvakfi.org\/tr\/wp-json\/wp\/v2\/product_cat?post=16894"},{"taxonomy":"product_tag","embeddable":true,"href":"https:\/\/veysvakfi.org\/tr\/wp-json\/wp\/v2\/product_tag?post=16894"}],"curies":[{"name":"wp","href":"https:\/\/api.w.org\/{rel}","templated":true}]}}